{"id":351,"date":"2023-04-17T11:36:54","date_gmt":"2023-04-17T11:36:54","guid":{"rendered":"https:\/\/bidibi.org\/?page_id=351"},"modified":"2024-10-25T13:25:56","modified_gmt":"2024-10-25T13:25:56","slug":"fortbildungskurse-2","status":"publish","type":"page","link":"https:\/\/bidibi.org\/it\/fortbildungskurse-2\/","title":{"rendered":"Corsi di aggiornamento"},"content":{"rendered":"<div data-elementor-type=\"wp-page\" data-elementor-id=\"351\" class=\"elementor elementor-351\">\n\t\t\t\t\t\t<section class=\"elementor-section elementor-top-section elementor-element elementor-element-0299c70 elementor-section-height-min-height elementor-section-items-stretch elementor-section-content-middle elementor-section-full_width elementor-section-height-default\" data-id=\"0299c70\" data-element_type=\"section\" data-e-type=\"section\" data-settings=\"{&quot;background_background&quot;:&quot;classic&quot;}\">\n\t\t\t\t\t\t\t<div class=\"elementor-background-overlay\"><\/div>\n\t\t\t\t\t\t\t<div class=\"elementor-container elementor-column-gap-default\">\n\t\t\t\t\t<div class=\"elementor-column elementor-col-100 elementor-top-column elementor-element elementor-element-5afd3d8\" data-id=\"5afd3d8\" data-element_type=\"column\" data-e-type=\"column\" data-settings=\"{&quot;background_background&quot;:&quot;classic&quot;}\">\n\t\t\t<div class=\"elementor-widget-wrap elementor-element-populated\">\n\t\t\t\t\t\t<div class=\"elementor-element elementor-element-845273e elementor-widget elementor-widget-heading\" data-id=\"845273e\" data-element_type=\"widget\" data-e-type=\"widget\" data-widget_type=\"heading.default\">\n\t\t\t\t<div class=\"elementor-widget-container\">\n\t\t\t\t\t<h3 class=\"elementor-heading-title elementor-size-medium\">Corsi di aggiornamento<\/h3>\t\t\t\t<\/div>\n\t\t\t\t<\/div>\n\t\t\t\t\t<\/div>\n\t\t<\/div>\n\t\t\t\t\t<\/div>\n\t\t<\/section>\n\t\t\t\t<section class=\"elementor-section elementor-top-section elementor-element elementor-element-215c165 elementor-section-full_width elementor-section-height-min-height elementor-section-height-default elementor-section-items-middle\" data-id=\"215c165\" data-element_type=\"section\" data-e-type=\"section\" data-settings=\"{&quot;background_background&quot;:&quot;classic&quot;}\">\n\t\t\t\t\t\t<div class=\"elementor-container elementor-column-gap-default\">\n\t\t\t\t\t<div class=\"elementor-column elementor-col-100 elementor-top-column elementor-element elementor-element-3bc7d68\" data-id=\"3bc7d68\" data-element_type=\"column\" data-e-type=\"column\">\n\t\t\t<div class=\"elementor-widget-wrap elementor-element-populated\">\n\t\t\t\t\t\t<div class=\"elementor-element elementor-element-f28570c elementor-widget elementor-widget-heading\" data-id=\"f28570c\" data-element_type=\"widget\" data-e-type=\"widget\" data-widget_type=\"heading.default\">\n\t\t\t\t<div class=\"elementor-widget-container\">\n\t\t\t\t\t<h4 class=\"elementor-heading-title elementor-size-large\">Diventa un membro della nostra associazione <\/h4>\t\t\t\t<\/div>\n\t\t\t\t<\/div>\n\t\t\t\t\t<\/div>\n\t\t<\/div>\n\t\t\t\t\t<\/div>\n\t\t<\/section>\n\t\t\t\t<section class=\"elementor-section elementor-top-section elementor-element elementor-element-c8ffb34 elementor-section-full_width elementor-section-content-middle elementor-reverse-tablet elementor-reverse-mobile elementor-section-height-min-height elementor-section-items-top elementor-section-height-default\" data-id=\"c8ffb34\" data-element_type=\"section\" data-e-type=\"section\" data-settings=\"{&quot;background_background&quot;:&quot;classic&quot;}\">\n\t\t\t\t\t\t\t<div class=\"elementor-background-overlay\"><\/div>\n\t\t\t\t\t\t\t<div class=\"elementor-container elementor-column-gap-no\">\n\t\t\t\t\t<div class=\"elementor-column elementor-col-100 elementor-top-column elementor-element elementor-element-0531624\" data-id=\"0531624\" data-element_type=\"column\" data-e-type=\"column\">\n\t\t\t<div class=\"elementor-widget-wrap elementor-element-populated\">\n\t\t\t\t\t\t<div class=\"elementor-element elementor-element-9b992c0 elementor-widget elementor-widget-spacer\" data-id=\"9b992c0\" data-element_type=\"widget\" data-e-type=\"widget\" data-widget_type=\"spacer.default\">\n\t\t\t\t<div class=\"elementor-widget-container\">\n\t\t\t\t\t\t\t<div class=\"elementor-spacer\">\n\t\t\t<div class=\"elementor-spacer-inner\"><\/div>\n\t\t<\/div>\n\t\t\t\t\t\t<\/div>\n\t\t\t\t<\/div>\n\t\t\t\t<section class=\"elementor-section elementor-inner-section elementor-element elementor-element-ad0bc2a elementor-section-boxed elementor-section-height-default elementor-section-height-default\" data-id=\"ad0bc2a\" data-element_type=\"section\" data-e-type=\"section\">\n\t\t\t\t\t\t<div class=\"elementor-container elementor-column-gap-default\">\n\t\t\t\t\t<div class=\"elementor-column elementor-col-50 elementor-inner-column elementor-element elementor-element-2353b84\" data-id=\"2353b84\" data-element_type=\"column\" data-e-type=\"column\">\n\t\t\t<div class=\"elementor-widget-wrap elementor-element-populated\">\n\t\t\t\t\t\t<div class=\"elementor-element elementor-element-d0d9173 elementor-widget elementor-widget-text-editor\" data-id=\"d0d9173\" data-element_type=\"widget\" data-e-type=\"widget\" data-widget_type=\"text-editor.default\">\n\t\t\t\t<div class=\"elementor-widget-container\">\n\t\t\t\t\t\t\t\t\t<h5>Best practices f\u00fcr den Unterricht von Italienisch als zweite Fremdsprache<\/h5>\n<p><\/p>\t\t\t\t\t\t\t\t<\/div>\n\t\t\t\t<\/div>\n\t\t\t\t<div class=\"elementor-element elementor-element-ea4efbe elementor-widget elementor-widget-image\" data-id=\"ea4efbe\" data-element_type=\"widget\" data-e-type=\"widget\" data-widget_type=\"image.default\">\n\t\t\t\t<div class=\"elementor-widget-container\">\n\t\t\t\t\t\t\t\t\t\t\t\t\t\t\t<img fetchpriority=\"high\" decoding=\"async\" width=\"800\" height=\"534\" src=\"https:\/\/bidibi.org\/wp-content\/uploads\/2023\/04\/iStock-1409722748-1024x683.jpg\" class=\"attachment-large size-large wp-image-58\" alt=\"\" srcset=\"https:\/\/bidibi.org\/wp-content\/uploads\/2023\/04\/iStock-1409722748-1024x683.jpg 1024w, https:\/\/bidibi.org\/wp-content\/uploads\/2023\/04\/iStock-1409722748-300x200.jpg 300w, https:\/\/bidibi.org\/wp-content\/uploads\/2023\/04\/iStock-1409722748-768x512.jpg 768w, https:\/\/bidibi.org\/wp-content\/uploads\/2023\/04\/iStock-1409722748-1536x1024.jpg 1536w, https:\/\/bidibi.org\/wp-content\/uploads\/2023\/04\/iStock-1409722748-2048x1365.jpg 2048w\" sizes=\"(max-width: 800px) 100vw, 800px\" \/>\t\t\t\t\t\t\t\t\t\t\t\t\t\t\t<\/div>\n\t\t\t\t<\/div>\n\t\t\t\t\t<\/div>\n\t\t<\/div>\n\t\t\t\t<div class=\"elementor-column elementor-col-50 elementor-inner-column elementor-element elementor-element-604741c\" data-id=\"604741c\" data-element_type=\"column\" data-e-type=\"column\">\n\t\t\t<div class=\"elementor-widget-wrap elementor-element-populated\">\n\t\t\t\t\t\t<div class=\"elementor-element elementor-element-432e66f elementor-widget elementor-widget-text-editor\" data-id=\"432e66f\" data-element_type=\"widget\" data-e-type=\"widget\" data-widget_type=\"text-editor.default\">\n\t\t\t\t<div class=\"elementor-widget-container\">\n\t\t\t\t\t\t\t\t\t<p>II corso ha permesso ai docenti partecipanti di approfondire teorie linguistiche relative al plurilinguismo e all\u2019apprendimento dell\u2018Italiano seconda lingua.<\/p><p>Nei laboratori previsti dal corso i docenti, accompagnati dai formatori, hanno avuto modo di procedere in gruppo all\u2019analisi di esperienze e alla stesura di unit\u00e0 didattiche del tutto nuove su argomenti specifici, inerenti il tema della XIX settimana della lingua italiana nel mondo: \u201cL'Italia sul palcoscenico\u201d.<\/p><p>La presentazione dei lavori svolti in plenaria ha permesso un proficuo scambio tra i docenti partecipanti al corso.<\/p><p>Relatori: Stefania Cavagnoli docente di glottodidattica alla Libera Universit\u00e0 di Bolzano, Facolt\u00e0 di Scienza della formazione. Mirca Passarella Dirigente Scolastica di Bolzano. Marcella Perisutti responsabile pedagogico presso l\u2019Intendenza scolastica in lingua tedesca per l\u2019insegnamento dell\u2019italiano L2 nella Provincia Autonoma di Bolzano. Corso realizzato grazie al contributo ministeriale ai sensi del Cap. 2619\/2<\/p><p>\u00a0<\/p>\t\t\t\t\t\t\t\t<\/div>\n\t\t\t\t<\/div>\n\t\t\t\t\t<\/div>\n\t\t<\/div>\n\t\t\t\t\t<\/div>\n\t\t<\/section>\n\t\t\t\t<div class=\"elementor-element elementor-element-bfc173c elementor-widget elementor-widget-spacer\" data-id=\"bfc173c\" data-element_type=\"widget\" data-e-type=\"widget\" data-widget_type=\"spacer.default\">\n\t\t\t\t<div class=\"elementor-widget-container\">\n\t\t\t\t\t\t\t<div class=\"elementor-spacer\">\n\t\t\t<div class=\"elementor-spacer-inner\"><\/div>\n\t\t<\/div>\n\t\t\t\t\t\t<\/div>\n\t\t\t\t<\/div>\n\t\t\t\t\t<\/div>\n\t\t<\/div>\n\t\t\t\t\t<\/div>\n\t\t<\/section>\n\t\t\t\t<section class=\"elementor-section elementor-top-section elementor-element elementor-element-2bb61d4 elementor-section-boxed elementor-section-height-default elementor-section-height-default\" data-id=\"2bb61d4\" data-element_type=\"section\" data-e-type=\"section\">\n\t\t\t\t\t\t<div class=\"elementor-container elementor-column-gap-default\">\n\t\t\t\t\t<div class=\"elementor-column elementor-col-100 elementor-top-column elementor-element elementor-element-dde82c2\" data-id=\"dde82c2\" data-element_type=\"column\" data-e-type=\"column\">\n\t\t\t<div class=\"elementor-widget-wrap\">\n\t\t\t\t\t\t\t<\/div>\n\t\t<\/div>\n\t\t\t\t\t<\/div>\n\t\t<\/section>\n\t\t\t\t<section class=\"elementor-section elementor-top-section elementor-element elementor-element-48f2ec0 elementor-section-full_width elementor-section-content-middle elementor-reverse-tablet elementor-reverse-mobile elementor-section-height-min-height elementor-section-items-top elementor-section-height-default\" data-id=\"48f2ec0\" data-element_type=\"section\" data-e-type=\"section\" data-settings=\"{&quot;background_background&quot;:&quot;classic&quot;,&quot;shape_divider_top&quot;:&quot;tilt&quot;}\">\n\t\t\t\t\t<div class=\"elementor-shape elementor-shape-top\" aria-hidden=\"true\" data-negative=\"false\">\n\t\t\t<svg xmlns=\"http:\/\/www.w3.org\/2000\/svg\" viewbox=\"0 0 1000 100\" preserveaspectratio=\"none\">\n\t<path class=\"elementor-shape-fill\" d=\"M0,6V0h1000v100L0,6z\"\/>\n<\/svg>\t\t<\/div>\n\t\t\t\t\t<div class=\"elementor-container elementor-column-gap-no\">\n\t\t\t\t\t<div class=\"elementor-column elementor-col-100 elementor-top-column elementor-element elementor-element-0f3d27f\" data-id=\"0f3d27f\" data-element_type=\"column\" data-e-type=\"column\" data-settings=\"{&quot;background_background&quot;:&quot;classic&quot;}\">\n\t\t\t<div class=\"elementor-widget-wrap elementor-element-populated\">\n\t\t\t\t\t\t<div class=\"elementor-element elementor-element-bfdf13d elementor-widget elementor-widget-spacer\" data-id=\"bfdf13d\" data-element_type=\"widget\" data-e-type=\"widget\" data-widget_type=\"spacer.default\">\n\t\t\t\t<div class=\"elementor-widget-container\">\n\t\t\t\t\t\t\t<div class=\"elementor-spacer\">\n\t\t\t<div class=\"elementor-spacer-inner\"><\/div>\n\t\t<\/div>\n\t\t\t\t\t\t<\/div>\n\t\t\t\t<\/div>\n\t\t\t\t<section class=\"elementor-section elementor-inner-section elementor-element elementor-element-fa928d3 elementor-section-boxed elementor-section-height-default elementor-section-height-default\" data-id=\"fa928d3\" data-element_type=\"section\" data-e-type=\"section\">\n\t\t\t\t\t\t<div class=\"elementor-container elementor-column-gap-default\">\n\t\t\t\t\t<div class=\"elementor-column elementor-col-50 elementor-inner-column elementor-element elementor-element-4bb14dc\" data-id=\"4bb14dc\" data-element_type=\"column\" data-e-type=\"column\">\n\t\t\t<div class=\"elementor-widget-wrap elementor-element-populated\">\n\t\t\t\t\t\t<div class=\"elementor-element elementor-element-7a5c1ed elementor-widget elementor-widget-text-editor\" data-id=\"7a5c1ed\" data-element_type=\"widget\" data-e-type=\"widget\" data-widget_type=\"text-editor.default\">\n\t\t\t\t<div class=\"elementor-widget-container\">\n\t\t\t\t\t\t\t\t\t<h5>Tecniche e metodologie didattiche per l\u2019utilizzo di testi narrativi\/letterari e testi informativi\/giornalistici nella didattica dell\u2019italiano<\/h5><p>\u00a0<\/p>\t\t\t\t\t\t\t\t<\/div>\n\t\t\t\t<\/div>\n\t\t\t\t<div class=\"elementor-element elementor-element-424ba9a elementor-widget elementor-widget-text-editor\" data-id=\"424ba9a\" data-element_type=\"widget\" data-e-type=\"widget\" data-widget_type=\"text-editor.default\">\n\t\t\t\t<div class=\"elementor-widget-container\">\n\t\t\t\t\t\t\t\t\t<p>Il corso ha fornito indicazioni e buone pratiche sull\u2019utilizzo di testi narrativi e informativi (per scuola primaria e secondaria di primo grado, corsi di Italiano) e di testi letterari e giornalistici (per scuola secondaria di secondo grado) tenendo in debito conto lo sviluppo delle competenze negli ambiti linguistici di riferimento:<br \/>lettura, espressione orale, scrittura, riflessione linguistica. <br \/><br \/>Si \u00e8 fatto espresso riferimento ai livelli di partenza in relazione al quadro europeo per l\u2019acquisizione delle lingue, per la predisposizione di adeguati strumenti di valutazione. <br \/><br \/>Relatori: Prof. Dr. Reimann, presidente di ADI Germania, Ordinario Universit\u00e0 di Duisburg; Dott.ssa Francesca Quercia, Intendenza scolastica italiana di Bolzano<br \/><br \/>Corso realizzato grazie al contributo ministeriale ai sensi del Cap. 2619\/2<\/p>\t\t\t\t\t\t\t\t<\/div>\n\t\t\t\t<\/div>\n\t\t\t\t\t<\/div>\n\t\t<\/div>\n\t\t\t\t<div class=\"elementor-column elementor-col-50 elementor-inner-column elementor-element elementor-element-3d73836\" data-id=\"3d73836\" data-element_type=\"column\" data-e-type=\"column\">\n\t\t\t<div class=\"elementor-widget-wrap elementor-element-populated\">\n\t\t\t\t\t\t<div class=\"elementor-element elementor-element-98f4236 elementor-widget elementor-widget-image\" data-id=\"98f4236\" data-element_type=\"widget\" data-e-type=\"widget\" data-widget_type=\"image.default\">\n\t\t\t\t<div class=\"elementor-widget-container\">\n\t\t\t\t\t\t\t\t\t\t\t\t\t\t\t<img decoding=\"async\" width=\"800\" height=\"534\" src=\"https:\/\/bidibi.org\/wp-content\/uploads\/2023\/04\/iStock_000042610528_XXXLarge-2-1024x683.jpg\" class=\"attachment-large size-large wp-image-66\" alt=\"\" srcset=\"https:\/\/bidibi.org\/wp-content\/uploads\/2023\/04\/iStock_000042610528_XXXLarge-2-1024x683.jpg 1024w, https:\/\/bidibi.org\/wp-content\/uploads\/2023\/04\/iStock_000042610528_XXXLarge-2-300x200.jpg 300w, https:\/\/bidibi.org\/wp-content\/uploads\/2023\/04\/iStock_000042610528_XXXLarge-2-768x512.jpg 768w, https:\/\/bidibi.org\/wp-content\/uploads\/2023\/04\/iStock_000042610528_XXXLarge-2-1536x1024.jpg 1536w, https:\/\/bidibi.org\/wp-content\/uploads\/2023\/04\/iStock_000042610528_XXXLarge-2-2048x1365.jpg 2048w\" sizes=\"(max-width: 800px) 100vw, 800px\" \/>\t\t\t\t\t\t\t\t\t\t\t\t\t\t\t<\/div>\n\t\t\t\t<\/div>\n\t\t\t\t\t<\/div>\n\t\t<\/div>\n\t\t\t\t\t<\/div>\n\t\t<\/section>\n\t\t\t\t<div class=\"elementor-element elementor-element-a0b7310 elementor-widget elementor-widget-spacer\" data-id=\"a0b7310\" data-element_type=\"widget\" data-e-type=\"widget\" data-widget_type=\"spacer.default\">\n\t\t\t\t<div class=\"elementor-widget-container\">\n\t\t\t\t\t\t\t<div class=\"elementor-spacer\">\n\t\t\t<div class=\"elementor-spacer-inner\"><\/div>\n\t\t<\/div>\n\t\t\t\t\t\t<\/div>\n\t\t\t\t<\/div>\n\t\t\t\t\t<\/div>\n\t\t<\/div>\n\t\t\t\t\t<\/div>\n\t\t<\/section>\n\t\t\t\t<\/div>","protected":false},"excerpt":{"rendered":"<p>Fortbildungskurse Werden Sie Mitglied in unserem F\u00f6rderverin Best practices f\u00fcr den Unterricht von Italienisch als zweite Fremdsprache Mit diesem Kurs hatten die teilnehmenden Lehrkr\u00e4fte die Gelegenheit, linguistische Theorien in Sachen Mehrsprachigkeit und Erlernen von Italienisch als Zweite Fremdsprache zu erarbeiten. In entsprechenden Arbeitsgruppen konnten die Lehrkr\u00e4fte unter Anleitung der Kursleiter vollkommen neuartige Erfahrungsanalysen erarbeiten und [&hellip;]<\/p>\n","protected":false},"author":1,"featured_media":0,"parent":0,"menu_order":0,"comment_status":"closed","ping_status":"closed","template":"","meta":{"footnotes":""},"class_list":["post-351","page","type-page","status-publish","hentry"],"_links":{"self":[{"href":"https:\/\/bidibi.org\/it\/wp-json\/wp\/v2\/pages\/351","targetHints":{"allow":["GET"]}}],"collection":[{"href":"https:\/\/bidibi.org\/it\/wp-json\/wp\/v2\/pages"}],"about":[{"href":"https:\/\/bidibi.org\/it\/wp-json\/wp\/v2\/types\/page"}],"author":[{"embeddable":true,"href":"https:\/\/bidibi.org\/it\/wp-json\/wp\/v2\/users\/1"}],"replies":[{"embeddable":true,"href":"https:\/\/bidibi.org\/it\/wp-json\/wp\/v2\/comments?post=351"}],"version-history":[{"count":43,"href":"https:\/\/bidibi.org\/it\/wp-json\/wp\/v2\/pages\/351\/revisions"}],"predecessor-version":[{"id":868,"href":"https:\/\/bidibi.org\/it\/wp-json\/wp\/v2\/pages\/351\/revisions\/868"}],"wp:attachment":[{"href":"https:\/\/bidibi.org\/it\/wp-json\/wp\/v2\/media?parent=351"}],"curies":[{"name":"wp","href":"https:\/\/api.w.org\/{rel}","templated":true}]}}